{"id":4416,"date":"2021-04-21T18:55:32","date_gmt":"2021-04-21T18:55:32","guid":{"rendered":"https:\/\/baltikameda.lt\/?page_id=4416"},"modified":"2024-09-06T08:36:44","modified_gmt":"2024-09-06T08:36:44","slug":"news-en","status":"publish","type":"page","link":"https:\/\/baltikameda.lt\/en\/news-en\/","title":{"rendered":"News"},"content":{"rendered":"\t\t<div data-elementor-type=\"wp-page\" data-elementor-id=\"4416\" class=\"elementor elementor-4416\" data-elementor-settings=\"[]\">\n\t\t\t<div class=\"elementor-inner\">\n\t\t\t\t<div class=\"elementor-section-wrap\">\n\t\t\t\t\t\t\t<section class=\"elementor-element elementor-element-fac04c4 elementor-section-stretched elementor-section-full_width elementor-section-height-default elementor-section-height-default elementor-section elementor-top-section\" data-id=\"fac04c4\" data-element_type=\"section\" data-settings=\"{&quot;stretch_section&quot;:&quot;section-stretched&quot;,&quot;background_background&quot;:&quot;classic&quot;}\">\n\t\t\t\t\t\t\t<div class=\"elementor-background-overlay\"><\/div>\n\t\t\t\t\t\t\t<div class=\"elementor-container elementor-column-gap-default\">\n\t\t\t\t<div class=\"elementor-row\">\n\t\t\t\t<div class=\"elementor-element elementor-element-27c1d8b elementor-column elementor-col-100 elementor-top-column\" data-id=\"27c1d8b\" data-element_type=\"column\">\n\t\t\t<div class=\"elementor-column-wrap  elementor-element-populated\">\n\t\t\t\t\t<div class=\"elementor-widget-wrap\">\n\t\t\t\t<div class=\"elementor-element elementor-element-a6648cf elementor-widget elementor-widget-heading\" data-id=\"a6648cf\" data-element_type=\"widget\" data-widget_type=\"heading.default\">\n\t\t\t\t<div class=\"elementor-widget-container\">\n\t\t\t<h2 class=\"elementor-heading-title elementor-size-default\">News<\/h2>\t\t<\/div>\n\t\t\t\t<\/div>\n\t\t\t\t\t\t<\/div>\n\t\t\t<\/div>\n\t\t<\/div>\n\t\t\t\t\t\t<\/div>\n\t\t\t<\/div>\n\t\t<\/section>\n\t\t\t\t<section class=\"elementor-element elementor-element-b825c31 elementor-section-boxed elementor-section-height-default elementor-section-height-default elementor-section elementor-top-section\" data-id=\"b825c31\" data-element_type=\"section\">\n\t\t\t\t\t\t<div class=\"elementor-container elementor-column-gap-default\">\n\t\t\t\t<div class=\"elementor-row\">\n\t\t\t\t<div class=\"elementor-element elementor-element-7fca74d elementor-column elementor-col-100 elementor-top-column\" data-id=\"7fca74d\" data-element_type=\"column\">\n\t\t\t<div class=\"elementor-column-wrap\">\n\t\t\t\t\t<div class=\"elementor-widget-wrap\">\n\t\t\t\t\t\t<\/div>\n\t\t\t<\/div>\n\t\t<\/div>\n\t\t\t\t\t\t<\/div>\n\t\t\t<\/div>\n\t\t<\/section>\n\t\t\t\t\t\t<\/div>\n\t\t\t<\/div>\n\t\t<\/div>\n\t\t<p><\/p>","protected":false},"excerpt":{"rendered":"<p>News \u201eBontempi\u201c ir \u201eLandenger\u201c chirurgini\u0173 instrument\u0173 prezentacija Respublikin\u0117je Vilniaus Universitetin\u0117je Ligonin\u0117je \u2022 25 rugs\u0117jo, 2020 \u0160iandien tur\u0117jome nuostab\u0173 ryt\u0105 Respublikin\u0117je Vilniaus Universitetin\u0117je Ligonin\u0117je. UAB \u201eBaltikameda\u201c&hellip;<\/p>\n","protected":false},"author":1,"featured_media":0,"parent":0,"menu_order":0,"comment_status":"closed","ping_status":"closed","template":"","meta":{"ngg_post_thumbnail":0},"_links":{"self":[{"href":"https:\/\/baltikameda.lt\/en\/wp-json\/wp\/v2\/pages\/4416"}],"collection":[{"href":"https:\/\/baltikameda.lt\/en\/wp-json\/wp\/v2\/pages"}],"about":[{"href":"https:\/\/baltikameda.lt\/en\/wp-json\/wp\/v2\/types\/page"}],"author":[{"embeddable":true,"href":"https:\/\/baltikameda.lt\/en\/wp-json\/wp\/v2\/users\/1"}],"replies":[{"embeddable":true,"href":"https:\/\/baltikameda.lt\/en\/wp-json\/wp\/v2\/comments?post=4416"}],"version-history":[{"count":4,"href":"https:\/\/baltikameda.lt\/en\/wp-json\/wp\/v2\/pages\/4416\/revisions"}],"predecessor-version":[{"id":4647,"href":"https:\/\/baltikameda.lt\/en\/wp-json\/wp\/v2\/pages\/4416\/revisions\/4647"}],"wp:attachment":[{"href":"https:\/\/baltikameda.lt\/en\/wp-json\/wp\/v2\/media?parent=4416"}],"curies":[{"name":"wp","href":"https:\/\/api.w.org\/{rel}","templated":true}]}}