{"id":799,"date":"2019-07-22T11:09:24","date_gmt":"2019-07-22T11:09:24","guid":{"rendered":"https:\/\/baltikameda.lt\/aritmijos-stebejimas-ir-isoriniai-irenginiai\/"},"modified":"2019-11-13T15:25:45","modified_gmt":"2019-11-13T15:25:45","slug":"aritmijos-stebejimas-ir-isoriniai-irenginiai","status":"publish","type":"page","link":"https:\/\/baltikameda.lt\/ru\/produktai\/sirdies-aritmija\/aritmijos-stebejimas-ir-isoriniai-irenginiai\/","title":{"rendered":"\u041c\u043e\u043d\u0438\u0442\u043e\u0440\u0438\u043d\u0433 \u0430\u0440\u0438\u0442\u043c\u0438\u0439 \u0438 \u043d\u0430\u0440\u0443\u0436\u043d\u044b\u0435 \u0443\u0441\u0442\u0440\u043e\u0439\u0441\u0442\u0432\u0430"},"content":{"rendered":"\t\t<div data-elementor-type=\"wp-post\" data-elementor-id=\"799\" class=\"elementor elementor-799 elementor-405\" data-elementor-settings=\"[]\">\n\t\t\t<div class=\"elementor-inner\">\n\t\t\t\t<div class=\"elementor-section-wrap\">\n\t\t\t\t\t\t\t<section class=\"elementor-element elementor-element-0cd61db elementor-section-stretched elementor-section-boxed elementor-section-height-default elementor-section-height-default elementor-section elementor-top-section\" data-id=\"0cd61db\" data-element_type=\"section\" data-settings=\"{&quot;stretch_section&quot;:&quot;section-stretched&quot;,&quot;background_background&quot;:&quot;classic&quot;}\">\n\t\t\t\t\t\t\t<div class=\"elementor-background-overlay\"><\/div>\n\t\t\t\t\t\t\t<div class=\"elementor-container elementor-column-gap-default\">\n\t\t\t\t<div class=\"elementor-row\">\n\t\t\t\t<div class=\"elementor-element elementor-element-f5fb3b6 elementor-column elementor-col-100 elementor-top-column\" data-id=\"f5fb3b6\" data-element_type=\"column\">\n\t\t\t<div class=\"elementor-column-wrap  elementor-element-populated\">\n\t\t\t\t\t<div class=\"elementor-widget-wrap\">\n\t\t\t\t<div class=\"elementor-element elementor-element-134417d elementor-widget elementor-widget-heading\" data-id=\"134417d\" data-element_type=\"widget\" data-widget_type=\"heading.default\">\n\t\t\t\t<div class=\"elementor-widget-container\">\n\t\t\t<h2 class=\"elementor-heading-title elementor-size-default\">\u041c\u043e\u043d\u0438\u0442\u043e\u0440\u0438\u043d\u0433 \u0430\u0440\u0438\u0442\u043c\u0438\u0439 \u0438 \u043d\u0430\u0440\u0443\u0436\u043d\u044b\u0435 \u0443\u0441\u0442\u0440\u043e\u0439\u0441\u0442\u0432\u0430<\/h2>\t\t<\/div>\n\t\t\t\t<\/div>\n\t\t\t\t\t\t<\/div>\n\t\t\t<\/div>\n\t\t<\/div>\n\t\t\t\t\t\t<\/div>\n\t\t\t<\/div>\n\t\t<\/section>\n\t\t\t\t<section class=\"elementor-element elementor-element-1508741 elementor-section-boxed elementor-section-height-default elementor-section-height-default elementor-section elementor-top-section\" data-id=\"1508741\" data-element_type=\"section\">\n\t\t\t\t\t\t<div class=\"elementor-container elementor-column-gap-default\">\n\t\t\t\t<div class=\"elementor-row\">\n\t\t\t\t<div class=\"elementor-element elementor-element-f260a20 elementor-column elementor-col-50 elementor-top-column\" data-id=\"f260a20\" data-element_type=\"column\">\n\t\t\t<div class=\"elementor-column-wrap\">\n\t\t\t\t\t<div class=\"elementor-widget-wrap\">\n\t\t\t\t\t\t<\/div>\n\t\t\t<\/div>\n\t\t<\/div>\n\t\t\t\t<div class=\"elementor-element elementor-element-fc911aa elementor-column elementor-col-50 elementor-top-column\" data-id=\"fc911aa\" data-element_type=\"column\">\n\t\t\t<div class=\"elementor-column-wrap\">\n\t\t\t\t\t<div class=\"elementor-widget-wrap\">\n\t\t\t\t\t\t<\/div>\n\t\t\t<\/div>\n\t\t<\/div>\n\t\t\t\t\t\t<\/div>\n\t\t\t<\/div>\n\t\t<\/section>\n\t\t\t\t\t\t<\/div>\n\t\t\t<\/div>\n\t\t<\/div>\n\t\t<p><\/p>","protected":false},"excerpt":{"rendered":"<p>\u041c\u043e\u043d\u0438\u0442\u043e\u0440\u0438\u043d\u0433 \u0430\u0440\u0438\u0442\u043c\u0438\u0439 \u0438 \u043d\u0430\u0440\u0443\u0436\u043d\u044b\u0435 \u0443\u0441\u0442\u0440\u043e\u0439\u0441\u0442\u0432\u0430 \u0411\u0438\u043e\u043c\u043e\u043d\u0438\u0442\u043e\u0440 \u041d\u0430\u0440\u0443\u0436\u043d\u0430\u044f \u043a\u0430\u0440\u0434\u0438\u043e\u0434\u0438\u0430\u0433\u043d\u043e\u0441\u0442\u0438\u043a\u0430 \u041f\u0440\u043e\u0433\u0440\u0430\u043c\u043c\u0430\u0442\u043e\u0440\u044b \u041d\u0430\u0440\u0443\u0436\u043d\u044b\u0435 \u042d\u043b\u0435\u043a\u0442\u0440\u043e\u043a\u0430\u0440\u0434\u0438\u043e\u0441\u0442\u0438\u043c\u0443\u043b\u044f\u0442\u043e\u0440\u044b (\u042d\u041a\u0421) \u0410\u043d\u0430\u043b\u0438\u0437\u0430\u0442\u043e\u0440 \u0411\u0438\u043e\u043c\u043e\u043d\u0438\u0442\u043e\u0440 Gamintojas:\u00a0Biotronik. \u0160irdies veiklos steb\u0117jimas tapo ai\u0161kesnis. Kasmet vis daugiau pacient\u0173 taikomas&hellip;<\/p>\n","protected":false},"author":1,"featured_media":0,"parent":851,"menu_order":0,"comment_status":"closed","ping_status":"closed","template":"","meta":{"ngg_post_thumbnail":0},"_links":{"self":[{"href":"https:\/\/baltikameda.lt\/ru\/wp-json\/wp\/v2\/pages\/799"}],"collection":[{"href":"https:\/\/baltikameda.lt\/ru\/wp-json\/wp\/v2\/pages"}],"about":[{"href":"https:\/\/baltikameda.lt\/ru\/wp-json\/wp\/v2\/types\/page"}],"author":[{"embeddable":true,"href":"https:\/\/baltikameda.lt\/ru\/wp-json\/wp\/v2\/users\/1"}],"replies":[{"embeddable":true,"href":"https:\/\/baltikameda.lt\/ru\/wp-json\/wp\/v2\/comments?post=799"}],"version-history":[{"count":8,"href":"https:\/\/baltikameda.lt\/ru\/wp-json\/wp\/v2\/pages\/799\/revisions"}],"predecessor-version":[{"id":3527,"href":"https:\/\/baltikameda.lt\/ru\/wp-json\/wp\/v2\/pages\/799\/revisions\/3527"}],"up":[{"embeddable":true,"href":"https:\/\/baltikameda.lt\/ru\/wp-json\/wp\/v2\/pages\/851"}],"wp:attachment":[{"href":"https:\/\/baltikameda.lt\/ru\/wp-json\/wp\/v2\/media?parent=799"}],"curies":[{"name":"wp","href":"https:\/\/api.w.org\/{rel}","templated":true}]}}