{"id":841,"date":"2019-07-18T08:30:08","date_gmt":"2019-07-18T08:30:08","guid":{"rendered":"https:\/\/baltikameda.lt\/koronarine-kraujagysliu-intervencija\/"},"modified":"2019-11-08T12:55:58","modified_gmt":"2019-11-08T12:55:58","slug":"perkutanine-koronarine-intervencija","status":"publish","type":"page","link":"https:\/\/baltikameda.lt\/ru\/produktai\/intervencine-kardiologija\/perkutanine-koronarine-intervencija\/","title":{"rendered":"\u041a\u043e\u0440\u043e\u043d\u0430\u0440\u043d\u0430\u044f \u0438\u043d\u0442\u0435\u0440\u0432\u0435\u043d\u0446\u0438\u044f"},"content":{"rendered":"\t\t<div data-elementor-type=\"wp-post\" data-elementor-id=\"841\" class=\"elementor elementor-841 elementor-189\" data-elementor-settings=\"[]\">\n\t\t\t<div class=\"elementor-inner\">\n\t\t\t\t<div class=\"elementor-section-wrap\">\n\t\t\t\t\t\t\t<section class=\"elementor-element elementor-element-d78406b elementor-section-stretched elementor-section-boxed elementor-section-height-default elementor-section-height-default elementor-section elementor-top-section\" data-id=\"d78406b\" data-element_type=\"section\" data-settings=\"{&quot;stretch_section&quot;:&quot;section-stretched&quot;,&quot;background_background&quot;:&quot;classic&quot;}\">\n\t\t\t\t\t\t\t<div class=\"elementor-background-overlay\"><\/div>\n\t\t\t\t\t\t\t<div class=\"elementor-container elementor-column-gap-default\">\n\t\t\t\t<div class=\"elementor-row\">\n\t\t\t\t<div class=\"elementor-element elementor-element-966b832 elementor-column elementor-col-100 elementor-top-column\" data-id=\"966b832\" data-element_type=\"column\">\n\t\t\t<div class=\"elementor-column-wrap  elementor-element-populated\">\n\t\t\t\t\t<div class=\"elementor-widget-wrap\">\n\t\t\t\t<div class=\"elementor-element elementor-element-bfcaf9f elementor-widget elementor-widget-heading\" data-id=\"bfcaf9f\" data-element_type=\"widget\" data-widget_type=\"heading.default\">\n\t\t\t\t<div class=\"elementor-widget-container\">\n\t\t\t<h2 class=\"elementor-heading-title elementor-size-default\">\u041a\u043e\u0440\u043e\u043d\u0430\u0440\u043d\u0430\u044f \u0438\u043d\u0442\u0435\u0440\u0432\u0435\u043d\u0446\u0438\u044f\n<\/h2>\t\t<\/div>\n\t\t\t\t<\/div>\n\t\t\t\t\t\t<\/div>\n\t\t\t<\/div>\n\t\t<\/div>\n\t\t\t\t\t\t<\/div>\n\t\t\t<\/div>\n\t\t<\/section>\n\t\t\t\t<section class=\"elementor-element elementor-element-ad02513 elementor-section-boxed elementor-section-height-default elementor-section-height-default elementor-section elementor-top-section\" data-id=\"ad02513\" data-element_type=\"section\">\n\t\t\t\t\t\t<div class=\"elementor-container elementor-column-gap-default\">\n\t\t\t\t<div class=\"elementor-row\">\n\t\t\t\t<div class=\"elementor-element elementor-element-bce2b17 elementor-column elementor-col-50 elementor-top-column\" data-id=\"bce2b17\" data-element_type=\"column\">\n\t\t\t<div class=\"elementor-column-wrap\">\n\t\t\t\t\t<div class=\"elementor-widget-wrap\">\n\t\t\t\t\t\t<\/div>\n\t\t\t<\/div>\n\t\t<\/div>\n\t\t\t\t<div class=\"elementor-element elementor-element-401f7c5 elementor-column elementor-col-50 elementor-top-column\" data-id=\"401f7c5\" data-element_type=\"column\">\n\t\t\t<div class=\"elementor-column-wrap\">\n\t\t\t\t\t<div class=\"elementor-widget-wrap\">\n\t\t\t\t\t\t<\/div>\n\t\t\t<\/div>\n\t\t<\/div>\n\t\t\t\t\t\t<\/div>\n\t\t\t<\/div>\n\t\t<\/section>\n\t\t\t\t\t\t<\/div>\n\t\t\t<\/div>\n\t\t<\/div>\n\t\t<p><\/p>","protected":false},"excerpt":{"rendered":"<p>\u041a\u043e\u0440\u043e\u043d\u0430\u0440\u043d\u0430\u044f \u0438\u043d\u0442\u0435\u0440\u0432\u0435\u043d\u0446\u0438\u044f \u041a\u043e\u0440\u043e\u043d\u0430\u0440\u043d\u044b\u0435 \u0431\u0430\u043b\u043e\u043d\u043d\u044b\u0435 \u043a\u0430\u0442\u0435\u0442\u0435\u0440\u044b \u041a\u043e\u0440\u043e\u043d\u0430\u0440\u043d\u044b\u0435 \u0441\u0442\u0435\u043d\u0442\u044b \u041a\u043e\u0440\u043e\u043d\u0430\u0440\u043d\u044b\u0435 \u043f\u0440\u043e\u0432\u043e\u0434\u043d\u0438\u043a\u0438 \u0410\u043a\u0441\u0435\u0441\u0441\u0443\u0430\u0440\u044b \u041a\u043e\u0440\u043e\u043d\u0430\u0440\u043d\u044b\u0435 \u0431\u0430\u043b\u043e\u043d\u043d\u044b\u0435 \u043a\u0430\u0442\u0435\u0442\u0435\u0440\u044b Gamintojas: Biotronik. Indikacija: skirta i\u0161pl\u0117timui, esant vainikin\u0117s arterijos \u0161unto ar transplantat\u0173 stenozei.&hellip;<\/p>\n","protected":false},"author":1,"featured_media":0,"parent":852,"menu_order":0,"comment_status":"closed","ping_status":"closed","template":"","meta":{"ngg_post_thumbnail":0},"_links":{"self":[{"href":"https:\/\/baltikameda.lt\/ru\/wp-json\/wp\/v2\/pages\/841"}],"collection":[{"href":"https:\/\/baltikameda.lt\/ru\/wp-json\/wp\/v2\/pages"}],"about":[{"href":"https:\/\/baltikameda.lt\/ru\/wp-json\/wp\/v2\/types\/page"}],"author":[{"embeddable":true,"href":"https:\/\/baltikameda.lt\/ru\/wp-json\/wp\/v2\/users\/1"}],"replies":[{"embeddable":true,"href":"https:\/\/baltikameda.lt\/ru\/wp-json\/wp\/v2\/comments?post=841"}],"version-history":[{"count":19,"href":"https:\/\/baltikameda.lt\/ru\/wp-json\/wp\/v2\/pages\/841\/revisions"}],"predecessor-version":[{"id":3042,"href":"https:\/\/baltikameda.lt\/ru\/wp-json\/wp\/v2\/pages\/841\/revisions\/3042"}],"up":[{"embeddable":true,"href":"https:\/\/baltikameda.lt\/ru\/wp-json\/wp\/v2\/pages\/852"}],"wp:attachment":[{"href":"https:\/\/baltikameda.lt\/ru\/wp-json\/wp\/v2\/media?parent=841"}],"curies":[{"name":"wp","href":"https:\/\/api.w.org\/{rel}","templated":true}]}}